{"id":2,"date":"2012-12-27T14:10:34","date_gmt":"2012-12-27T14:10:34","guid":{"rendered":"http:\/\/elfi-huelsmann.name\/?page_id=2"},"modified":"2012-12-28T22:57:44","modified_gmt":"2012-12-28T22:57:44","slug":"sample-page","status":"publish","type":"page","link":"https:\/\/elfi-huelsmann.name\/?page_id=2","title":{"rendered":"Elfi\u00b4s homepage"},"content":{"rendered":"<h3>Willkommen auf meiner Website!<\/h3>\n<table id=\"table1\" width=\"649\" border=\"0\" cellspacing=\"0\" cellpadding=\"0\">\n<tbody>\n<tr align=\"left\" valign=\"top\">\n<td>\n<table id=\"table2\" width=\"630\" border=\"0\" cellspacing=\"0\" cellpadding=\"0\">\n<tbody>\n<tr align=\"left\" valign=\"top\">\n<td colspan=\"3\" width=\"630\">\n<h1 align=\"center\">Sch\u00f6n, da\u00df Sie den Weg zu mir gefunden haben&#8230;<\/h1>\n<\/td>\n<\/tr>\n<\/tbody>\n<\/table>\n<\/td>\n<\/tr>\n<\/tbody>\n<\/table>\n<p align=\"left\">\n<p><center><\/p>\n<table width=\"100%\" border=\"0\" cellspacing=\"0\" cellpadding=\"5\">\n<tbody>\n<tr>\n<td align=\"left\" valign=\"top\" width=\"50%\" height=\"30\">\n<h3>Neue Photos und News<\/h3>\n<p>Aktuell:\u00a0 ein paar Bilder von meinem Geburtstag unter &#8222;Berichte&#8220;<\/p>\n<p>&nbsp;<\/td>\n<td align=\"left\" valign=\"top\" width=\"50%\" height=\"30\"><\/td>\n<\/tr>\n<tr>\n<td align=\"left\" valign=\"top\" width=\"50%\" height=\"178\">Was ich noch sagen wollte:\u00a0 &#8230;&nbsp;<\/p>\n<table width=\"100%\" border=\"0\" cellspacing=\"0\" cellpadding=\"0\">\n<tbody>\n<tr>\n<td valign=\"top\" width=\"100%\">\n<ul>\n<li><a href=\"file:\/\/\/Q:\/webs\/elfi-huelsmann.name\/Koelsches_Gesetz.htm\">Et k\u00f6lsche Grundgesetz<\/a><\/li>\n<li><a href=\"http:\/\/www.kempen.de\/\">Nach Kempen \/ Karnevallsberichte<\/a><\/li>\n<li><a href=\"http:\/\/huelsmann.name\/\">Zu Ralf H\u00fclsmann<\/a><\/li>\n<\/ul>\n<\/td>\n<\/tr>\n<\/tbody>\n<\/table>\n<p><img decoding=\"async\" loading=\"lazy\" id=\"Bild7\" alt=\"\" src=\"file:\/\/\/Q:\/webs\/elfi-huelsmann.name\/images\/a_vogel_fliegend.gif\" width=\"190\" height=\"143\" border=\"0\" \/><\/td>\n<td align=\"left\" valign=\"top\" width=\"50%\" height=\"178\">Hier unser Wetter:<\/p>\n<p>Sch\u00f6ne Gr\u00fc\u00dfe aus Kempen.<\/td>\n<\/tr>\n<tr>\n<td align=\"left\" valign=\"top\" width=\"50%\" height=\"41\">\n<h3><a href=\"http:\/\/elfi-huelsmann.name\/\">Meine Homepage<\/a><\/h3>\n<\/td>\n<td align=\"left\" valign=\"top\" width=\"50%\" height=\"41\">\n<h3>Communities<\/h3>\n<\/td>\n<\/tr>\n<tr>\n<td align=\"left\" valign=\"top\" width=\"50%\" height=\"36\">Fr\u00fcher war meine Homepage unter<a href=\"http:\/\/www.huelsmann-services.de\/homepages\/E_Huelsmann\/\">http:\/\/www.huelsmann-services.de\/homepages\/E_Huelsmann\/<\/a>\u00a0zu erreichen, jetzt auch direkt unter\u00a0<a href=\"http:\/\/elfi-huelsmann.name\/\">http:\/\/elfi-huelsmann.name<\/a>\u00a0.&nbsp;<\/td>\n<td align=\"left\" valign=\"top\" width=\"50%\" height=\"36\">Ich bin ab und zu auch per MSN Messenger \u00fcber meine Email erreichbar&#8230;.<\/p>\n<table width=\"100%\" border=\"0\" cellspacing=\"0\" cellpadding=\"0\">\n<tbody>\n<tr>\n<td valign=\"top\" width=\"100%\">\n<ul>\n<li><a href=\"http:\/\/messenger.msn.de\/\">http:\/\/messenger.msn.de\/<\/a><\/li>\n<\/ul>\n<\/td>\n<\/tr>\n<\/tbody>\n<\/table>\n<p><img decoding=\"async\" loading=\"lazy\" id=\"Bild5\" alt=\"\" src=\"file:\/\/\/Q:\/webs\/elfi-huelsmann.name\/images\/affe.gif\" width=\"120\" height=\"82\" border=\"0\" \/><\/td>\n<\/tr>\n<\/tbody>\n<\/table>\n<p><\/center><\/p>\n","protected":false},"excerpt":{"rendered":"<p>Willkommen auf meiner Website! Sch\u00f6n, da\u00df Sie den Weg zu mir gefunden haben&#8230; Neue Photos und News Aktuell:\u00a0 ein paar Bilder von meinem Geburtstag unter &#8222;Berichte&#8220; &nbsp; Was ich noch sagen wollte:\u00a0 &#8230;&nbsp; Et k\u00f6lsche Grundgesetz Nach Kempen \/ Karnevallsberichte Zu Ralf H\u00fclsmann Hier unser Wetter: Sch\u00f6ne Gr\u00fc\u00dfe aus Kempen. Meine Homepage Communities Fr\u00fcher war meine Homepage unterhttp:\/\/www.huelsmann-services.de\/homepages\/E_Huelsmann\/\u00a0zu erreichen, jetzt auch direkt unter\u00a0http:\/\/elfi-huelsmann.name\u00a0.&nbsp; Ich bin ab und zu auch per MSN Messenger \u00fcber meine Email erreichbar&#8230;. http:\/\/messenger.msn.de\/<\/p>\n","protected":false},"author":1,"featured_media":0,"parent":0,"menu_order":0,"comment_status":"open","ping_status":"closed","template":"","meta":{"ngg_post_thumbnail":0},"_links":{"self":[{"href":"https:\/\/elfi-huelsmann.name\/index.php?rest_route=\/wp\/v2\/pages\/2"}],"collection":[{"href":"https:\/\/elfi-huelsmann.name\/index.php?rest_route=\/wp\/v2\/pages"}],"about":[{"href":"https:\/\/elfi-huelsmann.name\/index.php?rest_route=\/wp\/v2\/types\/page"}],"author":[{"embeddable":true,"href":"https:\/\/elfi-huelsmann.name\/index.php?rest_route=\/wp\/v2\/users\/1"}],"replies":[{"embeddable":true,"href":"https:\/\/elfi-huelsmann.name\/index.php?rest_route=%2Fwp%2Fv2%2Fcomments&post=2"}],"version-history":[{"count":2,"href":"https:\/\/elfi-huelsmann.name\/index.php?rest_route=\/wp\/v2\/pages\/2\/revisions"}],"predecessor-version":[{"id":5,"href":"https:\/\/elfi-huelsmann.name\/index.php?rest_route=\/wp\/v2\/pages\/2\/revisions\/5"}],"wp:attachment":[{"href":"https:\/\/elfi-huelsmann.name\/index.php?rest_route=%2Fwp%2Fv2%2Fmedia&parent=2"}],"curies":[{"name":"wp","href":"https:\/\/api.w.org\/{rel}","templated":true}]}}