{"id":54,"date":"2012-12-29T00:31:34","date_gmt":"2012-12-28T23:31:34","guid":{"rendered":"http:\/\/elfi-huelsmann.name\/?page_id=54"},"modified":"2012-12-29T00:32:24","modified_gmt":"2012-12-28T23:32:24","slug":"turkei-2004","status":"publish","type":"page","link":"https:\/\/elfi-huelsmann.name\/?page_id=54","title":{"rendered":"T\u00fcrkei 2004"},"content":{"rendered":"<table width=\"635\" border=\"0\" cellspacing=\"0\" cellpadding=\"0\">\n<tbody>\n<tr align=\"left\" valign=\"top\">\n<td>\n<table width=\"472\" border=\"0\" cellspacing=\"0\" cellpadding=\"0\">\n<tbody>\n<tr align=\"left\" valign=\"top\">\n<td width=\"457\">\n<h3 align=\"center\">An der t\u00fcrkischen Adria<\/h3>\n<\/td>\n<\/tr>\n<\/tbody>\n<\/table>\n<\/td>\n<\/tr>\n<\/tbody>\n<\/table>\n<h2>Reise in die T\u00fcrkei<\/h2>\n<p>&nbsp;<\/p>\n<p>Horst gewinnt bei Bertelsmann eine Reise f\u00fcr zwei Personen vom 26.02 bis zum 04.03.2004.<\/p>\n<p>Es geht ab Hamburg los. Wir haben schon beim einschecken\u00a0 Versp\u00e4tung und fliegen viel sp\u00e4ter ab. In Antalya werden wir von den Reisef\u00fchrer erwartet und die Abwicklung geht schnell vonstatten. Nach ca. 1,5 Stunden sind wir in unserem Hotel Delphin in Okurcalar angekommen. Wir bekommen noch 1 Glas Sekt und es gibt auch noch\u00a0 Essen und dann ab in unsere Zimmer denn es ist bereits nach 2 Uhr. Wir haben ein sehr sch\u00f6nes Zimmer.<\/p>\n<p>Freitags der erste Ausflug nach Alanya, dann wird die Damlatas-H\u00f6hle besichtigt und anschlie\u00dfend geht es zur Karawanserei Ala Han, die an der Seidenstra\u00dfe liegt.<\/p>\n<p>Samstags geht es f\u00fcr 2 Tage nach den Kalksinterterrassen in Pamukkale. Ich fahre nicht mit, da mir das lange fahren mit einem Bus nicht gut bekommt. Horst und alle anderen G\u00e4ste waren ganz begeistert. Ich mache auch die Touren Montag und Mittwoch nicht mit. Horst bleibt Dienstag auch im Hotel. Allein habe ich auch keine Langeweile im Hotel. Es ist sehr sch\u00f6n , hat ein herrliches Schwimmbad\u00a0 und sehr sch\u00f6ne Au\u00dfenanlagen. Leider kann man am Meer nicht gehen. Sie bauen einen Strand auf und es liegen lauter gro\u00dfe Steine dort. Das war f\u00fcr mich sehr traurig, da ich mich auf das laufen am Strand gefreut hatte.<\/p>\n<p>Aber schwimmen war toll auch \u00a0drau\u00dfen auf den gesch\u00fctzten Terrassen liegen oder auf dem Zimmerbalkon. Au\u00dferdem habe ich das t\u00fcrkische Bad ausprobiert, tolle Sache.<\/p>\n<p>Bin auch mal mit einem Bus nach Alanya gefahren. Total lustig, der hielt an manchen Stellen und der Fahrer unterhielt sich paar Minuten mit anderen M\u00e4nner, die auf der Stra\u00dfe standen.<\/p>\n<p>Dienstags Abend war ein Galaabend, der auch von Bertelsmann gesponsert wurde. Ein Abend mit Live-Unterhaltung, freien Getr\u00e4nken und Mitternachtsb\u00fcffet.<\/p>\n<p>Mittwoch auf Donnerstag wurden wir um 1,00 Uhr abgeholt und waren 2,30 am Flughafen in Antalya. Um 5,00 Uhr startete unser Flugzeug nach Hamburg als erste Maschine. Dort wurden wir abgeholt. Ich war um 10,00 Uhr im Bett und habe bis 12,00 Uhr geschlafen, denn es war doch sehr anstrengend, da wir nicht schlafen konnten. Trotzdem war diese Reise, f\u00fcr mich die erste in die T\u00fcrkei, sehr sch\u00f6n. Die T\u00fcrken sind sehr freundliche Leute<\/p>\n","protected":false},"excerpt":{"rendered":"<p>An der t\u00fcrkischen Adria Reise in die T\u00fcrkei &nbsp; Horst gewinnt bei Bertelsmann eine Reise f\u00fcr zwei Personen vom 26.02 bis zum 04.03.2004. Es geht ab Hamburg los. Wir haben schon beim einschecken\u00a0 Versp\u00e4tung und fliegen viel sp\u00e4ter ab. In Antalya werden wir von den Reisef\u00fchrer erwartet und die Abwicklung geht schnell vonstatten. Nach ca. 1,5 Stunden sind wir in unserem Hotel Delphin in Okurcalar angekommen. Wir bekommen noch 1 Glas Sekt und es gibt auch noch\u00a0 Essen und dann ab in unsere Zimmer denn es ist bereits nach 2 Uhr. Wir haben ein sehr sch\u00f6nes Zimmer. Freitags der erste Ausflug nach Alanya, dann wird die Damlatas-H\u00f6hle besichtigt und anschlie\u00dfend [&hellip;]<\/p>\n","protected":false},"author":1,"featured_media":0,"parent":36,"menu_order":0,"comment_status":"open","ping_status":"closed","template":"","meta":{"ngg_post_thumbnail":0},"_links":{"self":[{"href":"https:\/\/elfi-huelsmann.name\/index.php?rest_route=\/wp\/v2\/pages\/54"}],"collection":[{"href":"https:\/\/elfi-huelsmann.name\/index.php?rest_route=\/wp\/v2\/pages"}],"about":[{"href":"https:\/\/elfi-huelsmann.name\/index.php?rest_route=\/wp\/v2\/types\/page"}],"author":[{"embeddable":true,"href":"https:\/\/elfi-huelsmann.name\/index.php?rest_route=\/wp\/v2\/users\/1"}],"replies":[{"embeddable":true,"href":"https:\/\/elfi-huelsmann.name\/index.php?rest_route=%2Fwp%2Fv2%2Fcomments&post=54"}],"version-history":[{"count":4,"href":"https:\/\/elfi-huelsmann.name\/index.php?rest_route=\/wp\/v2\/pages\/54\/revisions"}],"predecessor-version":[{"id":59,"href":"https:\/\/elfi-huelsmann.name\/index.php?rest_route=\/wp\/v2\/pages\/54\/revisions\/59"}],"up":[{"embeddable":true,"href":"https:\/\/elfi-huelsmann.name\/index.php?rest_route=\/wp\/v2\/pages\/36"}],"wp:attachment":[{"href":"https:\/\/elfi-huelsmann.name\/index.php?rest_route=%2Fwp%2Fv2%2Fmedia&parent=54"}],"curies":[{"name":"wp","href":"https:\/\/api.w.org\/{rel}","templated":true}]}}